{"id":105,"date":"2017-02-19T13:02:16","date_gmt":"2017-02-19T10:02:16","guid":{"rendered":"http:\/\/a4kurumsal3.a4demo.com\/?page_id=2"},"modified":"2020-03-29T16:15:02","modified_gmt":"2020-03-29T13:15:02","slug":"hakkimizda","status":"publish","type":"page","link":"https:\/\/soztas.com\/index.php\/hakkimizda\/","title":{"rendered":"HAKKIMIZDA"},"content":{"rendered":"<p><em>Bodrum<\/em> \u0130l\u00e7esinin K\u0131z\u0131la\u011fa\u00e7 mahallesinde bulunan 2005 y\u0131l\u0131ndan bu yana <em>Bodrum<\/em> ve t\u00fcm T\u00fcrkiye&#8217;ye dekoratif ama\u00e7l\u0131 <strong>kayrak ta\u015f\u0131<\/strong>(<strong>bodrum kayrak ta\u015f\u0131<\/strong>) \u00fcretmekte ve adrese teslim nakliye hizmeti vermekteyiz. Uzun y\u0131llar sorunsuzca kullanabilece\u011fimiz ta\u015flar\u0131m\u0131z kolay uygulama \u00f6zelli\u011fine sahip olup temizlik ve bak\u0131m gerektirmedi\u011fi i\u00e7in en \u00e7ok tercih edilen dekor \u00fcr\u00fcn\u00fcd\u00fcr.<\/p>\n<p>Uyguland\u0131klar\u0131 alanda \u00e7evreye hi\u00e7bir t\u00fcrl\u00fc zarar vermezler ve alana uyum sa\u011flarlar. Temizlik ve bak\u0131m gerektirmez. E\u011fer istenilirse uyguland\u0131klar\u0131 alana g\u00f6re su ile y\u0131kanabilir, tozu al\u0131nabilir. S\u00f6z Ta\u015f Madencilik olarak m\u00fc\u015fterilerimize kaliteyi, g\u00fcveni, ger\u00e7ek i\u015f anlay\u0131\u015f\u0131n\u0131 ve her \u015feyden \u00f6nemlisi sorunsuz bir hizmet vermekteyiz.<\/p>\n<p style=\"text-align: right;\">Sayg\u0131lar\u0131m\u0131zla<br \/>\nS\u00f6z Ta\u015f Madencilik<\/p>\n","protected":false},"excerpt":{"rendered":"<p>Bodrum \u0130l\u00e7esinin K\u0131z\u0131la\u011fa\u00e7 mahallesinde bulunan 2005 y\u0131l\u0131ndan bu yana Bodrum ve t\u00fcm T\u00fcrkiye&#8217;ye dekoratif ama\u00e7l\u0131 kayrak ta\u015f\u0131(bodrum kayrak ta\u015f\u0131) \u00fcretmekte ve adrese teslim nakliye hizmeti vermekteyiz. Uzun y\u0131llar sorunsuzca kullanabilece\u011fimiz ta\u015flar\u0131m\u0131z kolay uygulama \u00f6zelli\u011fine sahip olup temizlik ve bak\u0131m gerektirmedi\u011fi i\u00e7in en \u00e7ok tercih edilen dekor \u00fcr\u00fcn\u00fcd\u00fcr. Uyguland\u0131klar\u0131 alanda \u00e7evreye hi\u00e7bir t\u00fcrl\u00fc zarar vermezler ve&#8230;<\/p>\n","protected":false},"author":2,"featured_media":0,"parent":0,"menu_order":0,"comment_status":"closed","ping_status":"open","template":"","meta":[],"_links":{"self":[{"href":"https:\/\/soztas.com\/index.php\/wp-json\/wp\/v2\/pages\/105"}],"collection":[{"href":"https:\/\/soztas.com\/index.php\/wp-json\/wp\/v2\/pages"}],"about":[{"href":"https:\/\/soztas.com\/index.php\/wp-json\/wp\/v2\/types\/page"}],"author":[{"embeddable":true,"href":"https:\/\/soztas.com\/index.php\/wp-json\/wp\/v2\/users\/2"}],"replies":[{"embeddable":true,"href":"https:\/\/soztas.com\/index.php\/wp-json\/wp\/v2\/comments?post=105"}],"version-history":[{"count":2,"href":"https:\/\/soztas.com\/index.php\/wp-json\/wp\/v2\/pages\/105\/revisions"}],"predecessor-version":[{"id":148,"href":"https:\/\/soztas.com\/index.php\/wp-json\/wp\/v2\/pages\/105\/revisions\/148"}],"wp:attachment":[{"href":"https:\/\/soztas.com\/index.php\/wp-json\/wp\/v2\/media?parent=105"}],"curies":[{"name":"wp","href":"https:\/\/api.w.org\/{rel}","templated":true}]}}